{"id":17,"date":"2020-06-27T15:56:16","date_gmt":"2020-06-27T13:56:16","guid":{"rendered":"https:\/\/www.bbtag-buchs.ch\/?page_id=17"},"modified":"2020-06-27T17:14:51","modified_gmt":"2020-06-27T15:14:51","slug":"unsere-firma","status":"publish","type":"page","link":"https:\/\/www.bbtag-buchs.ch\/?page_id=17","title":{"rendered":"Unsere Firma"},"content":{"rendered":"\t\t<div data-elementor-type=\"wp-page\" data-elementor-id=\"17\" class=\"elementor elementor-17\">\n\t\t\t\t\t\t<section class=\"elementor-section elementor-top-section elementor-element elementor-element-735323a elementor-section-boxed elementor-section-height-default elementor-section-height-default\" data-id=\"735323a\" data-element_type=\"section\">\n\t\t\t\t\t\t<div class=\"elementor-container elementor-column-gap-default\">\n\t\t\t\t\t<div class=\"elementor-column elementor-col-100 elementor-top-column elementor-element elementor-element-d255ed9\" data-id=\"d255ed9\" data-element_type=\"column\">\n\t\t\t<div class=\"elementor-widget-wrap elementor-element-populated\">\n\t\t\t\t\t\t<div class=\"elementor-element elementor-element-3a1ba93 elementor-widget elementor-widget-text-editor\" data-id=\"3a1ba93\" data-element_type=\"widget\" data-widget_type=\"text-editor.default\">\n\t\t\t\t<div class=\"elementor-widget-container\">\n\t\t\t\t\t\t\t<p>Die Firma Riedi &amp; Berger Treuhand AG wurde im Jahr 2001 von den Herren Dr. J\u00fcrg Riedi und Gallus Berger gegr\u00fcndet und im Mai 2007 erfolgte die \u00dcbernahme durch Daniel Buchmann.<\/p>\n<p>Seit April 2008 heisst die Firma neu &#8222;<strong>Buchmann &amp; Berger Treuhand AG<\/strong>&#8220; und besch\u00e4ftigt heute 3 Mitarbeiter.<\/p>\n<p>Wir erledigen f\u00fcr unsere Kunden Arbeiten im Bereich&nbsp; Buchf\u00fchrung, Steuerberatung sowie Immobilienverwaltung und -verkauf. F\u00fcr allgemeine Treuhand- und Beratungsgespr\u00e4che sind wir auch f\u00fcr Sie da.<\/p>\t\t\t\t\t\t<\/div>\n\t\t\t\t<\/div>\n\t\t\t\t\t<\/div>\n\t\t<\/div>\n\t\t\t\t\t<\/div>\n\t\t<\/section>\n\t\t\t\t<\/div>\n\t\t","protected":false},"excerpt":{"rendered":"<p>Die Firma Riedi &amp; Berger Treuhand AG wurde im Jahr 2001 von den Herren Dr. J\u00fcrg Riedi und Gallus Berger gegr\u00fcndet und im Mai 2007 erfolgte die \u00dcbernahme durch Daniel Buchmann. Seit April 2008 heisst die Firma neu &#8222;Buchmann &amp; Berger Treuhand AG&#8220; und besch\u00e4ftigt heute 3 Mitarbeiter. Wir erledigen f\u00fcr unsere Kunden Arbeiten im [&hellip;]<\/p>\n","protected":false},"author":1,"featured_media":0,"parent":0,"menu_order":0,"comment_status":"closed","ping_status":"closed","template":"","meta":{"_monsterinsights_skip_tracking":false,"_monsterinsights_sitenote_active":false,"_monsterinsights_sitenote_note":"","_monsterinsights_sitenote_category":0,"footnotes":""},"_links":{"self":[{"href":"https:\/\/www.bbtag-buchs.ch\/index.php?rest_route=\/wp\/v2\/pages\/17"}],"collection":[{"href":"https:\/\/www.bbtag-buchs.ch\/index.php?rest_route=\/wp\/v2\/pages"}],"about":[{"href":"https:\/\/www.bbtag-buchs.ch\/index.php?rest_route=\/wp\/v2\/types\/page"}],"author":[{"embeddable":true,"href":"https:\/\/www.bbtag-buchs.ch\/index.php?rest_route=\/wp\/v2\/users\/1"}],"replies":[{"embeddable":true,"href":"https:\/\/www.bbtag-buchs.ch\/index.php?rest_route=%2Fwp%2Fv2%2Fcomments&post=17"}],"version-history":[{"count":4,"href":"https:\/\/www.bbtag-buchs.ch\/index.php?rest_route=\/wp\/v2\/pages\/17\/revisions"}],"predecessor-version":[{"id":21,"href":"https:\/\/www.bbtag-buchs.ch\/index.php?rest_route=\/wp\/v2\/pages\/17\/revisions\/21"}],"wp:attachment":[{"href":"https:\/\/www.bbtag-buchs.ch\/index.php?rest_route=%2Fwp%2Fv2%2Fmedia&parent=17"}],"curies":[{"name":"wp","href":"https:\/\/api.w.org\/{rel}","templated":true}]}}